{"id":53,"date":"2024-08-20T06:46:40","date_gmt":"2024-08-20T06:46:40","guid":{"rendered":"http:\/\/zinc.studio4web.com\/~zupaloparhr\/wp\/?page_id=53"},"modified":"2024-09-06T05:59:20","modified_gmt":"2024-09-06T05:59:20","slug":"kontakt","status":"publish","type":"page","link":"https:\/\/www.zupa-lopar.com\/?page_id=53","title":{"rendered":"Kontakt"},"content":{"rendered":"\n<p><strong>LOPAR \u2013 \u017dupa sv. Ivana Krstitelja<\/strong><\/p>\n\n\n\n<p>Adresa: <strong>Lopar 291, 51281 Lopar<\/strong><br>Tel.: \u00a0<strong>+385-(0)51-775-101<\/strong><br>E-mail: \u00a0<strong>zupa.lopar@biskupijakrk.hr<\/strong><\/p>\n\n\n\n<p><strong>\u017dupnik:   vl\u010d. Bo\u017eidar Volari\u0107<\/strong><\/p>\n\n\n\n<p><strong>\u017dupna crkva sv. Ivana Krstitelja<\/strong><br>Ostale crkve i kapele:<br>       * Ro\u0111enja B. D. Marije<br>       * sv. Nikola (na rtu Sorinj, Lopar)<br>       * sv. Rok (u polju, Lopar)<\/p>\n","protected":false},"excerpt":{"rendered":"<p>LOPAR \u2013 \u017dupa sv. Ivana Krstitelja Adresa: Lopar 291, 51281 LoparTel.: \u00a0+385-(0)51-775-101E-mail: \u00a0zupa.lopar@biskupijakrk.hr \u017dupnik: vl\u010d. Bo\u017eidar Volari\u0107 \u017dupna crkva sv. Ivana KrstiteljaOstale crkve i kapele: * Ro\u0111enja B. D. Marije * sv. Nikola (na rtu Sorinj, Lopar) * sv. Rok (u polju, Lopar)<\/p>\n","protected":false},"author":1,"featured_media":0,"parent":0,"menu_order":0,"comment_status":"closed","ping_status":"closed","template":"","meta":{"_siteseo_robots_primary_cat":"","footnotes":""},"class_list":["entry","page","publish","author-admin","post-53"],"_links":{"self":[{"href":"https:\/\/www.zupa-lopar.com\/index.php?rest_route=\/wp\/v2\/pages\/53","targetHints":{"allow":["GET"]}}],"collection":[{"href":"https:\/\/www.zupa-lopar.com\/index.php?rest_route=\/wp\/v2\/pages"}],"about":[{"href":"https:\/\/www.zupa-lopar.com\/index.php?rest_route=\/wp\/v2\/types\/page"}],"author":[{"embeddable":true,"href":"https:\/\/www.zupa-lopar.com\/index.php?rest_route=\/wp\/v2\/users\/1"}],"replies":[{"embeddable":true,"href":"https:\/\/www.zupa-lopar.com\/index.php?rest_route=%2Fwp%2Fv2%2Fcomments&post=53"}],"version-history":[{"count":9,"href":"https:\/\/www.zupa-lopar.com\/index.php?rest_route=\/wp\/v2\/pages\/53\/revisions"}],"predecessor-version":[{"id":249,"href":"https:\/\/www.zupa-lopar.com\/index.php?rest_route=\/wp\/v2\/pages\/53\/revisions\/249"}],"wp:attachment":[{"href":"https:\/\/www.zupa-lopar.com\/index.php?rest_route=%2Fwp%2Fv2%2Fmedia&parent=53"}],"curies":[{"name":"wp","href":"https:\/\/api.w.org\/{rel}","templated":true}]}}