{"id":94,"date":"2024-09-02T13:37:05","date_gmt":"2024-09-02T13:37:05","guid":{"rendered":"https:\/\/zinc.studio4web.com\/~zupaloparhr\/wp\/?page_id=94"},"modified":"2024-09-02T18:37:15","modified_gmt":"2024-09-02T18:37:15","slug":"o-zupi","status":"publish","type":"page","link":"https:\/\/www.zupa-lopar.com\/?page_id=94","title":{"rendered":"O \u017eupi"},"content":{"rendered":"\n<p class=\"has-text-align-left has-medium-font-size\">Kao prostorno najudaljenije mjesto od grada Raba, ve\u0107 kroz srednjovjekovno doba postoje zapisi o prisustvu sve\u0107enika ili redovnika koji su dolazili ili pak obitavali na podru\u010dju Lopara i vr\u0161ili du\u0161ebri\u017eni\u010dku i liturgijsku slu\u017ebu, osobito vezani uz danas poznatu crkvu Ro\u0111enja B.D. Marije, a davno prije znanu kao crkvu sv. Marije Magdalene u \u0161umi.<\/p>\n\n\n\n<p class=\"has-medium-font-size\">Ve\u0107 od 17. stolje\u0107a Lopar je imao odre\u0111enu samostalnost kao svojevrsna ispostava (kuracija) gdje su bili nastanjeni i djelovali sve\u0107enici, odre\u0111eni od Stolnog kaptola u Rabu.<\/p>\n\n\n\n<p class=\"has-medium-font-size\"><strong>Status \u017eupe Lopar je dobio 1715. godine.<\/strong><\/p>\n\n\n\n<p class=\"has-text-align-left has-medium-font-size\">Prvi \u017eupnik je postao Antun Tesser i od tada se redovno vode \u017eupne mati\u010dne knjige, kao i popis svih sve\u0107enika u \u017eupni\u010dkoj slu\u017ebi.<\/p>\n\n\n\n<p class=\"has-medium-font-size\"><\/p>\n","protected":false},"excerpt":{"rendered":"<p>Kao prostorno najudaljenije mjesto od grada Raba, ve\u0107 kroz srednjovjekovno doba postoje zapisi o prisustvu sve\u0107enika ili redovnika koji su dolazili ili pak obitavali na podru\u010dju Lopara i vr\u0161ili du\u0161ebri\u017eni\u010dku i liturgijsku slu\u017ebu, osobito vezani uz danas poznatu crkvu Ro\u0111enja B.D. Marije, a davno prije znanu kao crkvu sv. Marije Magdalene u \u0161umi. Ve\u0107 od &#8230; <span class=\"more\"><a class=\"more-link\" href=\"https:\/\/www.zupa-lopar.com\/?page_id=94\">[Read more&#8230;]<\/a><\/span><\/p>\n","protected":false},"author":1,"featured_media":0,"parent":0,"menu_order":0,"comment_status":"closed","ping_status":"closed","template":"","meta":{"_siteseo_robots_primary_cat":"","footnotes":""},"class_list":["entry","page","publish","author-admin","post-94"],"_links":{"self":[{"href":"https:\/\/www.zupa-lopar.com\/index.php?rest_route=\/wp\/v2\/pages\/94","targetHints":{"allow":["GET"]}}],"collection":[{"href":"https:\/\/www.zupa-lopar.com\/index.php?rest_route=\/wp\/v2\/pages"}],"about":[{"href":"https:\/\/www.zupa-lopar.com\/index.php?rest_route=\/wp\/v2\/types\/page"}],"author":[{"embeddable":true,"href":"https:\/\/www.zupa-lopar.com\/index.php?rest_route=\/wp\/v2\/users\/1"}],"replies":[{"embeddable":true,"href":"https:\/\/www.zupa-lopar.com\/index.php?rest_route=%2Fwp%2Fv2%2Fcomments&post=94"}],"version-history":[{"count":8,"href":"https:\/\/www.zupa-lopar.com\/index.php?rest_route=\/wp\/v2\/pages\/94\/revisions"}],"predecessor-version":[{"id":185,"href":"https:\/\/www.zupa-lopar.com\/index.php?rest_route=\/wp\/v2\/pages\/94\/revisions\/185"}],"wp:attachment":[{"href":"https:\/\/www.zupa-lopar.com\/index.php?rest_route=%2Fwp%2Fv2%2Fmedia&parent=94"}],"curies":[{"name":"wp","href":"https:\/\/api.w.org\/{rel}","templated":true}]}}